{"id":17175,"date":"2017-06-07T09:13:24","date_gmt":"2017-06-07T08:13:24","guid":{"rendered":"https:\/\/classic.opti.es\/es\/?page_id=17175"},"modified":"2021-07-12T11:50:52","modified_gmt":"2021-07-12T10:50:52","slug":"la-optica","status":"publish","type":"page","link":"https:\/\/opticashernandezverdugo.es\/es\/la-optica\/","title":{"rendered":"La \u00f3ptica"},"content":{"rendered":"<div class=\"wpb-content-wrapper\"><p>[vc_row css_animation=\u00bb\u00bb row_type=\u00bbrow\u00bb use_row_as_full_screen_section=\u00bbno\u00bb type=\u00bbfull_width\u00bb angled_section=\u00bbno\u00bb text_align=\u00bbjustify\u00bb background_image_as_pattern=\u00bbwithout_pattern\u00bb css=\u00bb.vc_custom_1479827320064{padding-top: 0px !important;padding-bottom: 50px !important;}\u00bb][vc_column width=\u00bb1\/2&#8243;][vc_gallery interval=\u00bb3&#8243; images=\u00bb17408,17406,17404,17402,17691,17696,17685,17694&#8243; img_size=\u00bbfull\u00bb][vc_empty_space height=\u00bb15px\u00bb][vc_column_text]<\/p>\n<h2 style=\"text-align: center\">Historia<\/h2>\n<p>[\/vc_column_text][vc_empty_space height=\u00bb15px\u00bb][vc_column_text]Fundada en 1955\u00a0<strong>\u00d3pticas Hern\u00e1ndez Verdugo<\/strong> es un referente para varias generaciones de canarios que tienen en este negocio de la plaza de Mesa de Le\u00f3n 1, en el barrio hist\u00f3rico de Vegueta de Las Palmas de Gran Canaria, su \u00f3ptica de confianza.<\/p>\n<p>&nbsp;<\/p>\n<p>Somos la segunda generaci\u00f3n de la familia al frente del negocio y mantenemos intacto el legado de nuestros padres: m\u00e1ximo rigor profesional y actualizaci\u00f3n constante, combinados con un trato amable y cercano que hace al cliente sentirse como en casa.<\/p>\n<p>&nbsp;<\/p>\n<p>Manuel Hern\u00e1ndez puso en marcha el negocio en 1955 tras cursar los estudios de \u00f3ptico de anteojer\u00eda, en Barcelona. Siempre con el respaldo de su esposa Mar\u00eda Dolores Verdugo, pronto extendi\u00f3 el negocio dentro de la misma ciudad y a otras localidades de la isla de Gran Canaria.<\/p>\n<p>&nbsp;<\/p>\n<p>La primera sucursal de \u00d3pticas Hern\u00e1ndez Verdugo abri\u00f3 en el municipio de Telde -la segunda ciudad de Gran Canaria en 1959. Fue la primera \u00f3ptica que ofreci\u00f3 este servicio esencial al sur de Gran Canaria, un \u00e1rea muy extensa que abarca varios municipios.<\/p>\n<p>&nbsp;<\/p>\n<p>Nuestra segunda \u00f3ptica en la capital abri\u00f3 en 1960, y la de la localidad de Vecindario en 1975. En la actualidad permanecen abiertas las de Mesa de Le\u00f3n y Vecindario.<\/p>\n<p>&nbsp;<\/p>\n<p>Nuestra sede central continua en el local original, emblem\u00e1tico por su personal\u00edsimo escaparate que nos ha llevado a ser plat\u00f3 de cine, y por su ubicaci\u00f3n estrat\u00e9gica. Estamos entre Vegueta y Triana, los barrios hist\u00f3ricos de la capital gran canaria, y al pie del bullicio del mercado m\u00e1s antiguo de la ciudad.[\/vc_column_text][vc_empty_space height=\u00bb15px\u00bb][\/vc_column][vc_column width=\u00bb1\/2&#8243;][vc_gallery interval=\u00bb3&#8243; images=\u00bb17412&#8243; img_size=\u00bbfull\u00bb][vc_empty_space height=\u00bb15px\u00bb][vc_column_text]<\/p>\n<h2 style=\"text-align: center\">Servicios<\/h2>\n<p>[\/vc_column_text][vc_empty_space height=\u00bb15px\u00bb][vc_column_text]Contactolog\u00eda<\/p>\n<p>&nbsp;<\/p>\n<p>Graduaci\u00f3n de la vista<\/p>\n<p>&nbsp;<\/p>\n<p>Tonometr\u00eda<\/p>\n<p>&nbsp;<\/p>\n<p>&nbsp;[\/vc_column_text][vc_empty_space height=\u00bb15px\u00bb][\/vc_column][\/vc_row][vc_row css_animation=\u00bb\u00bb row_type=\u00bbrow\u00bb use_row_as_full_screen_section=\u00bbno\u00bb type=\u00bbfull_width\u00bb angled_section=\u00bbno\u00bb text_align=\u00bbjustify\u00bb background_image_as_pattern=\u00bbwithout_pattern\u00bb][vc_column][vc_empty_space height=\u00bb50px\u00bb][\/vc_column][\/vc_row]<\/p>\n<\/div>","protected":false},"excerpt":{"rendered":"<p>[vc_row css_animation=\u00bb\u00bb row_type=\u00bbrow\u00bb use_row_as_full_screen_section=\u00bbno\u00bb type=\u00bbfull_width\u00bb angled_section=\u00bbno\u00bb text_align=\u00bbjustify\u00bb background_image_as_pattern=\u00bbwithout_pattern\u00bb css=\u00bb.vc_custom_1479827320064{padding-top: 0px !important;padding-bottom: 50px !important;}\u00bb][vc_column width=\u00bb1\/2&#8243;][vc_gallery interval=\u00bb3&#8243; images=\u00bb17408,17406,17404,17402,17691,17696,17685,17694&#8243; img_size=\u00bbfull\u00bb][vc_empty_space height=\u00bb15px\u00bb][vc_column_text] Historia [\/vc_column_text][vc_empty_space height=\u00bb15px\u00bb][vc_column_text]Fundada en 1955\u00a0\u00d3pticas Hern\u00e1ndez Verdugo es un referente para varias generaciones de canarios que tienen en este negocio de la plaza de Mesa de Le\u00f3n&#8230;<\/p>\n","protected":false},"author":12,"featured_media":0,"parent":0,"menu_order":0,"comment_status":"closed","ping_status":"closed","template":"","meta":{"_acf_changed":false,"footnotes":""},"class_list":["post-17175","page","type-page","status-publish","hentry"],"acf":[],"_links":{"self":[{"href":"https:\/\/opticashernandezverdugo.es\/es\/wp-json\/wp\/v2\/pages\/17175","targetHints":{"allow":["GET"]}}],"collection":[{"href":"https:\/\/opticashernandezverdugo.es\/es\/wp-json\/wp\/v2\/pages"}],"about":[{"href":"https:\/\/opticashernandezverdugo.es\/es\/wp-json\/wp\/v2\/types\/page"}],"author":[{"embeddable":true,"href":"https:\/\/opticashernandezverdugo.es\/es\/wp-json\/wp\/v2\/users\/12"}],"replies":[{"embeddable":true,"href":"https:\/\/opticashernandezverdugo.es\/es\/wp-json\/wp\/v2\/comments?post=17175"}],"version-history":[{"count":13,"href":"https:\/\/opticashernandezverdugo.es\/es\/wp-json\/wp\/v2\/pages\/17175\/revisions"}],"predecessor-version":[{"id":17706,"href":"https:\/\/opticashernandezverdugo.es\/es\/wp-json\/wp\/v2\/pages\/17175\/revisions\/17706"}],"wp:attachment":[{"href":"https:\/\/opticashernandezverdugo.es\/es\/wp-json\/wp\/v2\/media?parent=17175"}],"curies":[{"name":"wp","href":"https:\/\/api.w.org\/{rel}","templated":true}]}}