{"id":17512,"date":"2017-06-15T09:01:12","date_gmt":"2017-06-15T08:01:12","guid":{"rendered":"https:\/\/opticashernandezverdugo.es\/es\/?page_id=17512"},"modified":"2025-06-13T14:09:35","modified_gmt":"2025-06-13T13:09:35","slug":"terminos-y-condiciones","status":"publish","type":"page","link":"https:\/\/opticashernandezverdugo.es\/es\/terminos-y-condiciones\/","title":{"rendered":"Aviso legal"},"content":{"rendered":"<div class=\"wpb-content-wrapper\"><p>[vc_row css_animation=\u00bb\u00bb row_type=\u00bbrow\u00bb use_row_as_full_screen_section=\u00bbno\u00bb type=\u00bbfull_width\u00bb angled_section=\u00bbno\u00bb text_align=\u00bbleft\u00bb background_image_as_pattern=\u00bbwithout_pattern\u00bb][vc_column][vc_column_text]<\/p>\n<h3>AVISO LEGAL<\/h3>\n<p>[\/vc_column_text][vc_empty_space][vc_column_text]<b>LEY DE LOS SERVICIOS DE LA SOCIEDAD DE LA INFORMACI\u00d3N (LSSI)<\/b><\/p>\n<p>&nbsp;<\/p>\n<p><span style=\"font-weight: 400\">\u00d3pticas Hern\u00e1ndez Verdugo, S. L., responsable del sitio web, en adelante RESPONSABLE, pone a disposici\u00f3n de los usuarios el presente documento, con el que pretende dar cumplimiento a las obligaciones dispuestas en la Ley 34\/2002, de 11 de julio, de Servicios de la Sociedad de la Informaci\u00f3n y de Comercio Electr\u00f3nico (LSSICE), BOE N.\u00ba 166, as\u00ed como informar a todos los usuarios del sitio web respecto a cu\u00e1les son las condiciones de uso.<\/span><\/p>\n<p>&nbsp;<\/p>\n<p><span style=\"font-weight: 400\">Toda persona que acceda a este sitio web asume el papel de usuario, comprometi\u00e9ndose a la observancia y cumplimiento riguroso de las disposiciones aqu\u00ed dispuestas, as\u00ed como a cualquier otra disposici\u00f3n legal que fuera de aplicaci\u00f3n.\u00a0<\/span><\/p>\n<p>&nbsp;<\/p>\n<p><span style=\"font-weight: 400\">\u00d3pticas Hern\u00e1ndez Verdugo, S. L. se reserva el derecho de modificar cualquier tipo de informaci\u00f3n que pudiera aparecer en el sitio web, sin que exista obligaci\u00f3n de preavisar o poner en conocimiento de los usuarios dichas obligaciones, entendi\u00e9ndose como suficiente la publicaci\u00f3n en el sitio web de \u00d3pticas Hern\u00e1ndez Verdugo, S. L.<\/span><\/p>\n<ol>\n<li><b>DATOS IDENTIFICATIVOS<\/b><\/li>\n<\/ol>\n<p><span style=\"font-weight: 400\">Nombre de dominio: www.opticashernandezverdugo.es<\/span><\/p>\n<p><span style=\"font-weight: 400\">Denominaci\u00f3n social: \u00d3pticas Hern\u00e1ndez Verdugo, S. L.\u00a0\u00a0\u00a0<\/span><\/p>\n<p><span style=\"font-weight: 400\">CIF: B35473081<\/span><\/p>\n<p><span style=\"font-weight: 400\">Domicilio: Calle Mesa de Le\u00f3n, 1. 35001 \u2013 Las Palmas de Gran Canaria.<\/span><\/p>\n<p><span style=\"font-weight: 400\">Tel\u00e9fono: 928310560<\/span><\/p>\n<p><span style=\"font-weight: 400\">Inscrita en el Registro Mercantil de Las Palmas, Tomo 1339, Libro 96, Hoja GC-17856.<\/span><\/p>\n<p>&nbsp;<\/p>\n<ol start=\"2\">\n<li><b> DERECHOS DE PROPIEDAD INTELECTUAL E INDUSTRIAL<\/b><\/li>\n<\/ol>\n<p><span style=\"font-weight: 400\">El sitio web, incluyendo a t\u00edtulo enunciativo, pero no limitativo su programaci\u00f3n, edici\u00f3n, compilaci\u00f3n y dem\u00e1s elementos necesarios para su funcionamiento, los dise\u00f1os, logotipos, texto y\/o gr\u00e1ficos, son propiedad del RESPONSABLE o, si es el caso, dispone de licencia o autorizaci\u00f3n expresa por parte de los autores. Todos los contenidos del sitio web se encuentran debidamente protegidos por la normativa de propiedad intelectual e industrial, as\u00ed como inscritos en los registros p\u00fablicos correspondientes.\u00a0<\/span><\/p>\n<p>&nbsp;<\/p>\n<p><span style=\"font-weight: 400\">Independientemente de la finalidad para la que fueran destinados, la reproducci\u00f3n total o parcial, uso, explotaci\u00f3n, distribuci\u00f3n y comercializaci\u00f3n, requiere en todo caso la autorizaci\u00f3n escrita previa por parte del RESPONSABLE. Cualquier uso no autorizado previamente se considera un incumplimiento grave de los derechos de propiedad intelectual o industrial del autor.\u00a0<\/span><\/p>\n<p>&nbsp;<\/p>\n<p><span style=\"font-weight: 400\">Los dise\u00f1os, logotipos, texto y\/o gr\u00e1ficos ajenos al RESPONSABLE y que pudieran aparecer en el sitio web, pertenecen a sus respectivos propietarios, siendo ellos mismos responsables de cualquier posible controversia que pudiera suscitarse respecto a los mismos. El RESPONSABLE autoriza expresamente a que terceros puedan redirigir directamente a los contenidos concretos del sitio web, y en todo caso redirigir al sitio web principal de www.opticashernandezverdugo.es.\u00a0<\/span><\/p>\n<p>&nbsp;<\/p>\n<p><span style=\"font-weight: 400\">El RESPONSABLE reconoce a favor de sus titulares los correspondientes derechos de propiedad intelectual e industrial, no implicando su sola menci\u00f3n o aparici\u00f3n en el sitio web la existencia de derechos o responsabilidad alguna sobre los mismos, como tampoco respaldo, patrocinio o recomendaci\u00f3n por parte de este.<\/span><\/p>\n<p><span style=\"font-weight: 400\"><br \/>\n<\/span><span style=\"font-weight: 400\">Para realizar cualquier tipo de observaci\u00f3n respecto a posibles incumplimientos de los derechos de propiedad intelectual o industrial, as\u00ed como sobre cualquiera de los contenidos del sitio web, puede hacerlo a trav\u00e9s del formulario de contacto.<\/span><\/p>\n<p>&nbsp;<\/p>\n<ol start=\"3\">\n<li><b> EXENCI\u00d3N DE RESPONSABILIDADES<\/b><\/li>\n<\/ol>\n<p>&nbsp;<\/p>\n<p><span style=\"font-weight: 400\">El RESPONSABLE se exime de cualquier tipo de responsabilidad derivada de la informaci\u00f3n publicada en su sitio web siempre que esta informaci\u00f3n haya sido manipulada o introducida por un tercero ajeno al mismo.<\/span><\/p>\n<p>&nbsp;<\/p>\n<p><b>Uso de <\/b><b><i>Cookies<\/i><\/b><\/p>\n<p>&nbsp;<\/p>\n<p><span style=\"font-weight: 400\">Este sitio web puede utilizar <\/span><i><span style=\"font-weight: 400\">cookies<\/span><\/i><span style=\"font-weight: 400\"> t\u00e9cnicas (peque\u00f1os archivos de informaci\u00f3n que el servidor env\u00eda al ordenador de quien accede a la p\u00e1gina) para llevar a cabo determinadas funciones que son consideradas imprescindibles para el correcto funcionamiento y visualizaci\u00f3n del sitio. Las <\/span><i><span style=\"font-weight: 400\">cookies<\/span><\/i><span style=\"font-weight: 400\"> utilizadas tienen, en todo caso, car\u00e1cter temporal, con la \u00fanica finalidad de hacer m\u00e1s eficaz la navegaci\u00f3n, y desaparecen al terminar la sesi\u00f3n del usuario. En ning\u00fan caso, estas <\/span><i><span style=\"font-weight: 400\">cookies<\/span><\/i><span style=\"font-weight: 400\"> proporcionan por s\u00ed mismas datos de car\u00e1cter personal y no se utilizar\u00e1n para la recogida de estos.\u00a0<\/span><\/p>\n<p>&nbsp;<\/p>\n<p><span style=\"font-weight: 400\">Mediante el uso de <\/span><i><span style=\"font-weight: 400\">cookies<\/span><\/i><span style=\"font-weight: 400\"> tambi\u00e9n es posible que el servidor donde se encuentra la web reconozca el navegador utilizado por el usuario con la finalidad de que la navegaci\u00f3n sea m\u00e1s sencilla, permitiendo, por ejemplo, el acceso de los usuarios que se hayan registrado previamente a las \u00e1reas, servicios, promociones o concursos reservados exclusivamente a ellos sin tener que registrarse en cada visita. Tambi\u00e9n se pueden utilizar para medir la audiencia, par\u00e1metros de tr\u00e1fico, controlar el progreso y n\u00famero de entradas, etc., siendo en estos casos <\/span><i><span style=\"font-weight: 400\">cookies<\/span><\/i><span style=\"font-weight: 400\"> prescindibles t\u00e9cnicamente, pero beneficiosas para el usuario. Este sitio web no instalar\u00e1 <\/span><i><span style=\"font-weight: 400\">cookies<\/span><\/i><span style=\"font-weight: 400\"> prescindibles sin el consentimiento previo del usuario.<\/span><\/p>\n<p>&nbsp;<\/p>\n<p><span style=\"font-weight: 400\">El usuario tiene la posibilidad de configurar su navegador para ser alertado de la recepci\u00f3n de <\/span><i><span style=\"font-weight: 400\">cookies<\/span><\/i><span style=\"font-weight: 400\"> y para impedir su instalaci\u00f3n en su equipo. Por favor, consulte las instrucciones de su navegador para ampliar esta informaci\u00f3n.<\/span><\/p>\n<p>&nbsp;<\/p>\n<p><b>Pol\u00edtica de enlaces<\/b><\/p>\n<p>&nbsp;<\/p>\n<p><span style=\"font-weight: 400\">Desde el sitio web, es posible que se redirija a contenidos de terceros sitios web. Dado que el RESPONSABLE no puede controlar siempre los contenidos introducidos por terceros en sus respectivos sitios web, no asume ning\u00fan tipo de responsabilidad respecto a dichos contenidos. En todo caso, proceder\u00e1 a la retirada inmediata de cualquier contenido que pudiera contravenir la legislaci\u00f3n nacional o internacional, la moral o el orden p\u00fablico, procediendo a la retirada inmediata de la redirecci\u00f3n a dicho sitio web, poniendo en conocimiento de las autoridades competentes el contenido en cuesti\u00f3n.\u00a0<\/span><\/p>\n<p>&nbsp;<\/p>\n<p><span style=\"font-weight: 400\">El RESPONSABLE no se hace responsable de la informaci\u00f3n y contenidos almacenados a t\u00edtulo enunciativo, pero no limitativo, en foros, chats, generadores de blogs, comentarios, redes sociales o cualquier otro medio que permita a terceros publicar contenidos de forma independiente en la p\u00e1gina web del RESPONSABLE. Sin embargo, y en cumplimiento de lo dispuesto en los art\u00edculos 11 y 16 de la LSSICE, se pone a disposici\u00f3n de todos los usuarios, autoridades y fuerzas de seguridad, colaborando de forma activa en la retirada o, en su caso, bloqueo de todos aquellos contenidos que puedan afectar o contravenir la legislaci\u00f3n nacional o internacional, los derechos de terceros o la moral y el orden p\u00fablico. En caso de que el usuario considere que existe en el sitio web alg\u00fan contenido que pudiera ser susceptible de esta clasificaci\u00f3n, se ruega lo notifique de forma inmediata al administrador del sitio web.\u00a0<\/span><\/p>\n<p>&nbsp;<\/p>\n<p><span style=\"font-weight: 400\">Este sitio web se ha revisado y probado para que funcione correctamente. En principio, puede garantizarse el correcto funcionamiento los 365 d\u00edas del a\u00f1o, 24 horas al d\u00eda. Sin embargo, el RESPONSABLE no descarta la posibilidad de que existan ciertos errores de programaci\u00f3n, o que acontezcan causas de fuerza mayor, cat\u00e1strofes naturales, huelgas o circunstancias semejantes que hagan imposible el acceso a la p\u00e1gina web.<\/span><\/p>\n<p>&nbsp;<\/p>\n<p><b>Direcciones IP<\/b><\/p>\n<p>&nbsp;<\/p>\n<p><span style=\"font-weight: 400\">Los servidores del sitio web podr\u00e1n detectar de manera autom\u00e1tica la direcci\u00f3n IP y el nombre de dominio utilizados por el usuario. Una direcci\u00f3n IP es un n\u00famero asignado autom\u00e1ticamente a un ordenador cuando este se conecta a Internet. Toda esta informaci\u00f3n se registra en un fichero de actividad del servidor que permite el posterior procesamiento de los datos con el fin de obtener mediciones \u00fanicamente estad\u00edsticas que permitan conocer el n\u00famero de impresiones de p\u00e1ginas, el n\u00famero de visitas realizadas a los servidores web, el orden de visitas, el punto de acceso, etc.<\/span><\/p>\n<p>&nbsp;<\/p>\n<ol start=\"4\">\n<li><b> LEY APLICABLE Y JURISDICCI\u00d3N<\/b><\/li>\n<\/ol>\n<p>&nbsp;<\/p>\n<p><span style=\"font-weight: 400\">Para la resoluci\u00f3n de todas las controversias o cuestiones relacionadas con el presente sitio web o de las actividades en \u00e9l desarrolladas, ser\u00e1 de aplicaci\u00f3n la legislaci\u00f3n espa\u00f1ola, a la que se someten expresamente las partes, siendo competentes para la resoluci\u00f3n de todos los conflictos derivados o relacionados con su uso los Juzgados y Tribunales m\u00e1s cercanos a Las Palmas de Gran Canaria.<\/span><\/p>\n<p>[\/vc_column_text][vc_empty_space][\/vc_column][\/vc_row][vc_row css_animation=\u00bb\u00bb row_type=\u00bbrow\u00bb use_row_as_full_screen_section=\u00bbno\u00bb type=\u00bbfull_width\u00bb angled_section=\u00bbno\u00bb text_align=\u00bbleft\u00bb background_image_as_pattern=\u00bbwithout_pattern\u00bb][vc_column][vc_column_text]<\/p>\n<h3>CONDICIONES DE USO<\/h3>\n<p>[\/vc_column_text][vc_empty_space][vc_column_text]<\/p>\n<p align=\"justify\">El usuario que accede y usa esta web <a href=\"http:\/\/www.opticashernandezverdugo.es\/\">www.opticashernandezverdugo.es<\/a> conoce y acepta las condiciones generales aqu\u00ed redactadas y las modificaciones que se produzcan. El titular pone a disposici\u00f3n del p\u00fablico (en adelante usuario) que acceda a la web, informaci\u00f3n y contenidos.<\/p>\n<p align=\"justify\">El acceso a la web por los usuarios es gratuito, sin previa autorizaci\u00f3n, suscripci\u00f3n o registro.<\/p>\n<p align=\"justify\">El hardware, software o cualquier otra herramienta necesaria para acceder a la web ser\u00e1n por cuenta del usuario. El titular no ser\u00e1 responsable del funcionamiento ni de las consecuencias de \u00e9stas, ni de los derechos de uso o licencias requeridos para su utilizaci\u00f3n.<\/p>\n<p align=\"justify\">El acceso y\/o uso de este portal titularidad de \u00d3PTICAS HERN\u00c1NDEZ VERDUGO le atribuye la condici\u00f3n de usuario aceptando por ello los T\u00e9rminos y Condiciones y la Pol\u00edtica de privacidad.<\/p>\n<p align=\"justify\">Los usuarios que accedan a la web de \u00d3PTICAS HERN\u00c1NDEZ VERDUGO lo har\u00e1n conforme a la Ley, y se obligan en todo momento a no acceder a la web o a los contenidos de forma contraria a la establecida y\/o con fines il\u00edcitos, lesivos de derechos y libertades de terceros, o que puedan da\u00f1ar, deteriorar, saturar o ralentizar la web, en perjuicio de \u00d3PTICAS HERN\u00c1NDEZ VERDUGO o de terceros usuarios.<\/p>\n<p class=\"western\" align=\"justify\"><span style=\"font-size: medium\"><b>Responsabilidad de los contenidos<\/b><\/span><\/p>\n<p align=\"justify\">Fuera de los dominios o links de \u00d3PTICAS HERN\u00c1NDEZ VERDUGO, \u00e9sta no se hace responsable de las webs no propias ni de los virus o dem\u00e1s programas inform\u00e1ticos que deterioren o puedan deteriorar los sistemas o equipos inform\u00e1ticos de los usuarios. Tampoco responder\u00e1 de los contenidos a las que se puede acceder a trav\u00e9s del site mediante v\u00ednculos \u00ablinks\u00bb.<\/p>\n<p align=\"justify\">\u00d3PTICAS HERN\u00c1NDEZ VERDUGO no garantizar\u00e1 la disponibilidad t\u00e9cnica, calidad, fiabilidad, exactitud, amplitud, veracidad, validez y constitucionalidad de cualquier material o informaci\u00f3n contenido en ninguno de dichos hiperv\u00ednculos u otros sitios de Internet. Igualmente la inclusi\u00f3n de estas conexiones externas no implicar\u00e1 ning\u00fan tipo de asociaci\u00f3n, fusi\u00f3n o participaci\u00f3n con las entidades conectadas.<\/p>\n<p align=\"justify\">Se proh\u00edbe el uso de los contenidos de la web para promocionar, contratar o divulgar publicidad o informaci\u00f3n propia o de terceras personas sin la autorizaci\u00f3n del titular, ni remitir publicidad o informaci\u00f3n vali\u00e9ndose para ello de los servicios o informaci\u00f3n que se ponen a disposici\u00f3n de los usuarios, independientemente de si la utilizaci\u00f3n es gratuita o no.<\/p>\n<p align=\"justify\">\u00d3PTICAS HERN\u00c1NDEZ VERDUGO no ser\u00e1 responsable del uso que los terceros hagan de la informaci\u00f3n publicada en el portal, ni tampoco de los da\u00f1os sufridos o p\u00e9rdidas econ\u00f3micas que, de forma directa o indirecta, produzcan o puedan producir perjuicios econ\u00f3micos, materiales o sobre datos, provocados por el uso de dicha informaci\u00f3n.<\/p>\n<p align=\"justify\">Asimismo, \u00d3PTICAS HERN\u00c1NDEZ VERDUGO tampoco se har\u00e1 responsable, en ning\u00fan caso, de los da\u00f1os y perjuicios de cualquier naturaleza que pudieran ocasionar, a t\u00edtulo enunciativo, errores u omisiones en los contenidos, falta de disponibilidad del portal o la transmisi\u00f3n de virus o programas maliciosos o lesivos en los contenidos, a pesar de haber adoptado todas las medidas tecnol\u00f3gicas necesarias para evitarlo.<\/p>\n<p class=\"western\" align=\"justify\"><span style=\"font-size: medium\"><b>Propiedad intelectual e industrial<\/b><\/span><\/p>\n<p align=\"justify\">\u00d3PTICAS HERN\u00c1NDEZ VERDUGO propietaria o licenciataria del sitio web es titular de todos los derechos de propiedad intelectual e industrial de su p\u00e1gina web, as\u00ed como de los elementos contenidos en la misma (a t\u00edtulo enunciativo, im\u00e1genes, sonido, audio, v\u00eddeo, software o textos; marcas o logotipos, combinaciones de colores, estructura y dise\u00f1o, selecci\u00f3n de materiales usados, programas de ordenador necesarios para su funcionamiento, acceso y uso, etc.).<\/p>\n<p align=\"justify\">En virtud de lo dispuesto en de la normativa de propiedad intelectual, quedan expresamente prohibidas la reproducci\u00f3n, la distribuci\u00f3n y la comunicaci\u00f3n p\u00fablica, incluida su modalidad de puesta a disposici\u00f3n, de la totalidad o parte de los contenidos de esta p\u00e1gina web, con fines comerciales o de otro tipo, en cualquier soporte y por cualquier medio t\u00e9cnico, sin la autorizaci\u00f3n de \u00d3PTICAS HERN\u00c1NDEZ VERDUGO creadora del sitio web. El usuario se compromete a respetar los derechos de Propiedad Intelectual e Industrial titularidad de \u00d3PTICAS HERN\u00c1NDEZ VERDUGO creadora o licenciataria del sitio web. Podr\u00e1 visualizar los elementos del portal e incluso imprimirlos, copiarlos y almacenarlos en el disco duro de su ordenador o en cualquier otro soporte f\u00edsico siempre y cuando sea, \u00fanica y exclusivamente, para su uso personal y privado. El usuario deber\u00e1 abstenerse de suprimir, alterar, eludir o manipular cualquier dispositivo de protecci\u00f3n o sistema de seguridad que estuviera instalado en el las p\u00e1ginas de \u00d3PTICAS HERN\u00c1NDEZ VERDUGO creadora o licenciataria del sitio web.<\/p>\n<p align=\"justify\">En consecuencia, todos los contenidos que se muestran en los diferentes websites mencionados y en especial, dise\u00f1os, textos, gr\u00e1ficos, logotipos, iconos, botones, software, nombres comerciales, marcas, dibujos industriales o cualesquiera otros signos susceptibles de utilizaci\u00f3n industrial y comercial est\u00e1n sujetos a derechos de propiedad intelectual e industrial de \u00d3PTICAS HERN\u00c1NDEZ VERDUGO o de terceros titulares de estos que han autorizado debidamente su inclusi\u00f3n en los diferentes websites.<\/p>\n<p align=\"justify\">Los contenidos, im\u00e1genes, formas, opiniones, \u00edndices y dem\u00e1s expresiones formales que formen parte de la p\u00e1gina web, as\u00ed como el software necesario para el funcionamiento y visualizaci\u00f3n de estas, constituyen asimismo una obra en el sentido del derecho de autor y quedan, por lo tanto, protegidas por las convenciones internacionales y legislaciones nacionales en materia de Propiedad intelectual que resulten aplicables. El incumplimiento de lo se\u00f1alado implica la comisi\u00f3n de graves actos il\u00edcitos y su sanci\u00f3n por la legislaci\u00f3n civil y penal.<\/p>\n<p align=\"justify\">Cualquier trasgresi\u00f3n de lo dispuesto ser\u00e1 considerada como lesi\u00f3n de los derechos de Propiedad intelectual de \u00d3PTICAS HERN\u00c1NDEZ VERDUGO sobre la web y todos los contenidos de la misma.<\/p>\n<p align=\"justify\">El usuario deber\u00e1 abstenerse de suprimir, alterar, eludir o manipular cualquier dispositivo de protecci\u00f3n o sistema de seguridad que estuviera instalado en la p\u00e1gina web de \u00d3PTICAS HERN\u00c1NDEZ VERDUGO.<\/p>\n<p class=\"western\" align=\"justify\"><span style=\"font-size: medium\"><b>Modificaciones<\/b><\/span><\/p>\n<p align=\"justify\">\u00d3PTICAS HERN\u00c1NDEZ VERDUGO creadora del sitio web se reserva el derecho de efectuar sin previo aviso, siempre y cuando no afecten a los datos personales de los usuarios, las modificaciones que considere oportunas en su portal, pudiendo cambiar, suprimir o a\u00f1adir tanto los contenidos y servicios que se presten a trav\u00e9s de esta como la forma en la que \u00e9stos aparezcan presentados o localizados en su portal.<\/p>\n<p class=\"western\" align=\"justify\"><span style=\"font-size: medium\"><b>Otras cuestiones t\u00e9cnicas<\/b><\/span><\/p>\n<p align=\"justify\">\u00d3PTICAS HERN\u00c1NDEZ VERDUGO declina cualquier responsabilidad en caso de que existan interrupciones o un mal funcionamiento de los servicios o contenidos ofrecidos en Internet, cualquiera que sea su causa. Asimismo, \u00d3PTICAS HERN\u00c1NDEZ VERDUGO no se hace responsable por ca\u00eddas de la red, p\u00e9rdidas de informaci\u00f3n como consecuencia de dichas ca\u00eddas, suspensiones temporales del fluido el\u00e9ctrico o cualquier otro tipo de da\u00f1o indirecto que le pueda ser causado a los Usuarios por causas ajenas a \u00d3PTICAS HERN\u00c1NDEZ VERDUGO.<\/p>\n<p align=\"justify\">\u00d3PTICAS HERN\u00c1NDEZ VERDUGO no puede garantizar que los servicios o contenidos sean ininterrumpidos o que est\u00e9n libres de errores, que los defectos sean corregidos, o que el servicio o el servidor que lo pone a disposici\u00f3n est\u00e9n libres de virus u otros componentes nocivos, sin perjuicio de que \u00d3PTICAS HERN\u00c1NDEZ VERDUGO realiza sus mejores esfuerzos en evitar este tipo de incidentes. En caso de que el Usuario tomara determinadas decisiones o realizara acciones con base a la informaci\u00f3n incluida en la web, se recomienda cotejar o consultar otras fuentes.<\/p>\n<p align=\"justify\">Quedan prohibidos cualesquiera cualquier recurso tecnol\u00f3gico o de tipo que sea, por el que un tercero pueda beneficiarse, directa o indirectamente, de todos o parte de los contenidos, formas, \u00edndices y dem\u00e1s expresiones formales que formen parte de la web, o del esfuerzo llevado a cabo por \u00d3PTICAS HERN\u00c1NDEZ VERDUGO para su funcionamiento.<\/p>\n<p align=\"justify\">\u00d3PTICAS HERN\u00c1NDEZ VERDUGO creadora del sitio web no se hace responsable, en ning\u00fan caso, de los da\u00f1os y perjuicios de cualquier naturaleza que pudieran ocasionar, a t\u00edtulo enunciativo: errores u omisiones en los contenidos, falta de disponibilidad del portal o la transmisi\u00f3n de virus o programas maliciosos o lesivos en los contenidos, a pesar de haber adoptado todas las medidas tecnol\u00f3gicas necesarias para evitarlo.<\/p>\n<p class=\"western\" align=\"justify\"><span style=\"font-size: medium\"><b>Legislaci\u00f3n aplicable<\/b><\/span><\/p>\n<p align=\"justify\">La legislaci\u00f3n aplicable, tanto al presente dominio web como a los links responsabilidad de \u00d3PTICAS HERN\u00c1NDEZ VERDUGO, ser\u00e1 la espa\u00f1ola.<\/p>\n<p class=\"western\" align=\"justify\"><span style=\"font-size: medium\"><b>Jurisdicci\u00f3n competente<\/b><\/span><\/p>\n<p align=\"justify\">Cualquier disputa o discrepancia que surja de la aplicaci\u00f3n o interpretaci\u00f3n de los t\u00e9rminos que conforman este aviso legal, se resolver\u00e1 en los tribunales de la ciudad de Las Palmas de Gran Canaria, salvo que la legislaci\u00f3n indique otra cosa, como es el caso de consumidores, en cuyo caso se atender\u00e1 a lo dispuesto en ella.<\/p>\n<p>[\/vc_column_text][vc_empty_space][\/vc_column][\/vc_row]<\/p>\n<\/div>","protected":false},"excerpt":{"rendered":"<p>[vc_row css_animation=\u00bb\u00bb row_type=\u00bbrow\u00bb use_row_as_full_screen_section=\u00bbno\u00bb type=\u00bbfull_width\u00bb angled_section=\u00bbno\u00bb text_align=\u00bbleft\u00bb background_image_as_pattern=\u00bbwithout_pattern\u00bb][vc_column][vc_column_text] AVISO LEGAL [\/vc_column_text][vc_empty_space][vc_column_text]LEY DE LOS SERVICIOS DE LA SOCIEDAD DE LA INFORMACI\u00d3N (LSSI) &nbsp; \u00d3pticas Hern\u00e1ndez Verdugo, S. L., responsable del sitio web, en adelante RESPONSABLE, pone a disposici\u00f3n de los usuarios el presente documento, con el&#8230;<\/p>\n","protected":false},"author":12,"featured_media":0,"parent":0,"menu_order":0,"comment_status":"closed","ping_status":"closed","template":"","meta":{"_acf_changed":false,"footnotes":""},"class_list":["post-17512","page","type-page","status-publish","hentry"],"acf":[],"_links":{"self":[{"href":"https:\/\/opticashernandezverdugo.es\/es\/wp-json\/wp\/v2\/pages\/17512","targetHints":{"allow":["GET"]}}],"collection":[{"href":"https:\/\/opticashernandezverdugo.es\/es\/wp-json\/wp\/v2\/pages"}],"about":[{"href":"https:\/\/opticashernandezverdugo.es\/es\/wp-json\/wp\/v2\/types\/page"}],"author":[{"embeddable":true,"href":"https:\/\/opticashernandezverdugo.es\/es\/wp-json\/wp\/v2\/users\/12"}],"replies":[{"embeddable":true,"href":"https:\/\/opticashernandezverdugo.es\/es\/wp-json\/wp\/v2\/comments?post=17512"}],"version-history":[{"count":7,"href":"https:\/\/opticashernandezverdugo.es\/es\/wp-json\/wp\/v2\/pages\/17512\/revisions"}],"predecessor-version":[{"id":17734,"href":"https:\/\/opticashernandezverdugo.es\/es\/wp-json\/wp\/v2\/pages\/17512\/revisions\/17734"}],"wp:attachment":[{"href":"https:\/\/opticashernandezverdugo.es\/es\/wp-json\/wp\/v2\/media?parent=17512"}],"curies":[{"name":"wp","href":"https:\/\/api.w.org\/{rel}","templated":true}]}}